{"id":1146,"date":"2021-06-17T12:27:30","date_gmt":"2021-06-17T11:27:30","guid":{"rendered":"https:\/\/evok.kalyna.dev\/test-kb\/"},"modified":"2022-12-02T11:47:47","modified_gmt":"2022-12-02T10:47:47","slug":"kb","status":"publish","type":"page","link":"https:\/\/evok.kalyna.dev\/fr\/kb\/","title":{"rendered":"kb"},"content":{"rendered":"\r\n\t\t<div id=\"epkb-main-page-container\" class=\"epkb-css-full-reset epkb-categories-template eckb_mp_active_theme_hello-elementor\">\r\n\t\t\t<div class=\"epkb-boxed\">  \r\n\t\t<div class=\"epkb-doc-search-container \" style=\"background-color: #fbfbfb; padding-top: 20px; padding-right: 0px; padding-bottom: 90px; padding-left: 0px; margin-top: 0px; margin-bottom: 0px;\" >\r\n\r\n\t\t\t<div class=\"epkb-doc-search-container__title\" style=\"color: #000000; font-size:36px;;\"> Que peut-on faire pour vous aider aujourd&#039;hui?<\/div>\r\n\t\t\t<form id=\"epkb_search_form\" style=\"width: 40%;\" class=\"epkb-search epkb-search-form-1\" method=\"get\" action=\"\">\r\n\r\n\t\t\t\t<div class=\"epkb-search-box\">\r\n\t\t\t\t\t<input type=\"text\" style=\"border-width: 1px; border-color: #CCCCCC; background-color: #FFFFFF; background: #FFFFFF;\" id=\"epkb_search_terms\" aria-label=\"Rechercher dans la documentation...\" name=\"epkb_search_terms\" value=\"\" placeholder=\"Rechercher dans la documentation...\" \/>\r\n\t\t\t\t\t<input type=\"hidden\" id=\"epkb_kb_id\" value=\"1\"\/>\r\n\t\t\t\t\t<div class=\"epkb-search-box_button-wrap\">\r\n\t\t\t\t\t\t<button type=\"submit\" id=\"epkb-search-kb\" style=\"background-color: #40474f; background: #40474f; border-color: #F1F1F1;\">Rechercher <\/button>\r\n\t\t\t\t\t<\/div>\r\n\t\t\t\t\t<div class=\"loading-spinner\"><\/div>\r\n\t\t\t\t<\/div>\r\n\t\t\t\t<div id=\"epkb_search_results\"><\/div>\r\n\r\n\t\t\t<\/form>\r\n\r\n\t\t<\/div>  \t\t\t\t<div id=\"epkb-content-container\" style=\"background-color: #FFFFFF;\" >\r\n\r\n\t\t\t\t\t<!--  Main Page Content -->\r\n\t\t\t\t\t<div class=\"epkb-section-container\">\r\n\t\t\t\t\t\t\r\n\t\t<style>\r\n\t\t\t.epkb-cat-count {\r\n\t\t\t\tcolor:#000000 !important;\r\n\t\t\t\tbackground-color:#FFFFFF  !important;\r\n\t\t\t\tborder:solid 1px #CCCCCC !important;\r\n\t\t\t}\r\n\t\t<\/style>\r\n\r\n\t\t<div class=\"three-col eckb-categories-list\" style=\"font-size:12px;;\">   \r\n\t\t\t\t<!-- Section Container ( Category Box ) -->\r\n\t\t\t\t<section id=\"epkb_cat_1\" class=\"section_light_shadow epkb-top-category-box\" style=\"border-radius: 4px; border-width: 1px; border-color: #CACACE; background-color: #FEFEFE; border-style: solid;\" >\r\n\r\n\t\t\t\t\t<!-- Section Head -->\r\n\t\t\t\t\t<div class=\"section-head section_divider\" style=\"border-bottom-width: 1px; background-color: #FFFFFF; border-top-left-radius: 4px; border-top-right-radius: 4px; border-bottom-color: #FFFFFF; padding-top: 20px; padding-bottom: 20px; padding-left: 20px; padding-right: 20px;\" >\r\n\r\n\t\t\t\t\t\t<!-- Category Name + Icon -->\r\n\t\t\t\t\t\t<div class=\"epkb-category-level-1 epkb-category-level-1--icon-loc-left epkb-category-level-1--alignment-left\"  style=\"color: #000000;\" >\r\n\r\n\t\t\t\t\t\t\t<!-- Icon Top \/ Left -->\t                            \t\t\t\t\t\t\t\t\t<span class=\"epkb-cat-icon epkbfa epkbfa-pencil\" data-kb-category-icon=\"epkbfa-pencil\" style=\"color: #eb5a46; font-size: 30px;\"><\/span>\t\t\t\t\t\t\t\t<span class=\"epkb-cat-name\">    \t\t\t\t\t\t\t\t\t<span class=\"epkb-cat-name-count-container\" style=\"color: #000000; font-size:21px;;\">\r\n\t\t\t\t\t\t\t\t\t\t<h2>Knowledge Base<\/h2>\r\n\t\t\t\t\t\t\t\t\t\t<span class=\"epkb-cat-count\">6<\/span>\r\n\t\t\t\t\t\t\t\t\t<\/span> \r\n\t\t\t\t\t\t\t<\/span>\r\n\r\n\t\t\t\t\t\t\t<!-- Icon Right -->     \r\n\t\t\t\t\t\t<\/div>\r\n\r\n\t\t\t\t\t\t<!-- Category Description -->\t\t\t\t\t\t\t\t\t\t\t<\/div>\r\n\r\n\t\t\t\t\t<!-- Section Body -->\r\n\t\t\t\t\t<div class=\"epkb-section-body\" style=\"border-bottom-width: 1px; padding-top: 4px; padding-bottom: 4px; padding-left: 22px; padding-right: 4px;\" >   \t\t\t\r\n\t\t<ul class=\"epkb-main-category epkb-articles\" > \t\t\t\t<li class=\"epkb-article-level-1 \"  style=\"padding-bottom: 4px; padding-top: 4px;\" >   \r\n\t\t<a href=\"https:\/\/evok.kalyna.dev\/fr\/kb\/webmail_password_change_fr\/\" class=\"epkb-mp-article\" data-kb-article-id=27422>\r\n\t\t\t<span class=\"eckb-article-title article_underline_effect\" style=\"color: #666666;\" >\r\n\t\t\t\t<span class=\"eckb-article-title__icon ep_font_icon_document\" style=\"color: #e8a298;\"><\/span>\r\n\t\t\t\t<span class=\"eckb-article-title__text\">Changement du mot de passe Webmail EVOK<\/span>\r\n\t\t\t<\/span>\r\n\t\t<\/a> \t\t\t\t<\/li> \t\t\t\t<li class=\"epkb-article-level-1 \"  style=\"padding-bottom: 4px; padding-top: 4px;\" >   \r\n\t\t<a href=\"https:\/\/evok.kalyna.dev\/fr\/kb\/fr-changement-vitesse-bande-passante-crashplan\/\" class=\"epkb-mp-article\" data-kb-article-id=1240>\r\n\t\t\t<span class=\"eckb-article-title article_underline_effect\" style=\"color: #666666;\" >\r\n\t\t\t\t<span class=\"eckb-article-title__icon ep_font_icon_document\" style=\"color: #e8a298;\"><\/span>\r\n\t\t\t\t<span class=\"eckb-article-title__text\">Changement vitesse bande passante CrashPlan<\/span>\r\n\t\t\t<\/span>\r\n\t\t<\/a> \t\t\t\t<\/li> \t\t\t\t<li class=\"epkb-article-level-1 \"  style=\"padding-bottom: 4px; padding-top: 4px;\" >   \r\n\t\t<a href=\"https:\/\/evok.kalyna.dev\/fr\/kb\/fr-configuration-de-la-boite-mail-sur-thunderbird-2\/\" class=\"epkb-mp-article\" data-kb-article-id=1230>\r\n\t\t\t<span class=\"eckb-article-title article_underline_effect\" style=\"color: #666666;\" >\r\n\t\t\t\t<span class=\"eckb-article-title__icon ep_font_icon_document\" style=\"color: #e8a298;\"><\/span>\r\n\t\t\t\t<span class=\"eckb-article-title__text\">Configuration de la bo\u00eete mail sur Thunderbird<\/span>\r\n\t\t\t<\/span>\r\n\t\t<\/a> \t\t\t\t<\/li> \t\t\t\t<li class=\"epkb-article-level-1 \"  style=\"padding-bottom: 4px; padding-top: 4px;\" >   \r\n\t\t<a href=\"https:\/\/evok.kalyna.dev\/fr\/kb\/personal-anti-spam-filter-management-mailcleaner\/\" class=\"epkb-mp-article\" data-kb-article-id=1214>\r\n\t\t\t<span class=\"eckb-article-title article_underline_effect\" style=\"color: #666666;\" >\r\n\t\t\t\t<span class=\"eckb-article-title__icon ep_font_icon_document\" style=\"color: #e8a298;\"><\/span>\r\n\t\t\t\t<span class=\"eckb-article-title__text\">Gestion du filtre antispam personnel (MailCleaner)<\/span>\r\n\t\t\t<\/span>\r\n\t\t<\/a> \t\t\t\t<\/li> \t\t\t\t<li class=\"epkb-article-level-1 \"  style=\"padding-bottom: 4px; padding-top: 4px;\" >   \r\n\t\t<a href=\"https:\/\/evok.kalyna.dev\/fr\/kb\/fr-installation-et-configuration-de-crash-plan-mac\/\" class=\"epkb-mp-article\" data-kb-article-id=1236>\r\n\t\t\t<span class=\"eckb-article-title article_underline_effect\" style=\"color: #666666;\" >\r\n\t\t\t\t<span class=\"eckb-article-title__icon ep_font_icon_document\" style=\"color: #e8a298;\"><\/span>\r\n\t\t\t\t<span class=\"eckb-article-title__text\">Installation et configuration de Crash Plan (Mac)<\/span>\r\n\t\t\t<\/span>\r\n\t\t<\/a> \t\t\t\t<\/li> \t\t\t\t<li class=\"epkb-article-level-1 \"  style=\"padding-bottom: 4px; padding-top: 4px;\" >   \r\n\t\t<a href=\"https:\/\/evok.kalyna.dev\/en\/kb\/libraesva-manage-whitelist-and-blacklist-on-the-mailfilter\/\" class=\"epkb-mp-article\" data-kb-article-id=1181>\r\n\t\t\t<span class=\"eckb-article-title article_underline_effect\" style=\"color: #666666;\" >\r\n\t\t\t\t<span class=\"eckb-article-title__icon ep_font_icon_document\" style=\"color: #e8a298;\"><\/span>\r\n\t\t\t\t<span class=\"eckb-article-title__text\">LibraESVA \u2013 Manage whitelist and blacklist in the Mailfilter \u2013 English \/ Deutsch<\/span>\r\n\t\t\t<\/span>\r\n\t\t<\/a> \t\t\t\t<\/li> \r\n\t\t<\/ul> \r\n\t\t\t\t\t<\/div><!-- Section Body End -->\r\n\r\n\t\t\t\t<\/section><!-- Section End -->  \r\n\t\t\t\t<!-- Section Container ( Category Box ) -->\r\n\t\t\t\t<section id=\"epkb_cat_2\" class=\"section_light_shadow epkb-top-category-box\" style=\"border-radius: 4px; border-width: 1px; border-color: #CACACE; background-color: #FEFEFE; border-style: solid;\" >\r\n\r\n\t\t\t\t\t<!-- Section Head -->\r\n\t\t\t\t\t<div class=\"section-head section_divider\" style=\"border-bottom-width: 1px; background-color: #FFFFFF; border-top-left-radius: 4px; border-top-right-radius: 4px; border-bottom-color: #FFFFFF; padding-top: 20px; padding-bottom: 20px; padding-left: 20px; padding-right: 20px;\" >\r\n\r\n\t\t\t\t\t\t<!-- Category Name + Icon -->\r\n\t\t\t\t\t\t<div class=\"epkb-category-level-1 epkb-category-level-1--icon-loc-left epkb-category-level-1--alignment-left\"  style=\"color: #000000;\" >\r\n\r\n\t\t\t\t\t\t\t<!-- Icon Top \/ Left -->\t                            \t\t\t\t\t\t\t\t\t<span class=\"epkb-cat-icon epkbfa epkbfa-envelope-o\" data-kb-category-icon=\"epkbfa-envelope-o\" style=\"color: #eb5a46; font-size: 30px;\"><\/span>\t\t\t\t\t\t\t\t<span class=\"epkb-cat-name\">    \t\t\t\t\t\t\t\t\t<span class=\"epkb-cat-name-count-container\" style=\"color: #000000; font-size:21px;;\">\r\n\t\t\t\t\t\t\t\t\t\t<h2>Messagerie<\/h2>\r\n\t\t\t\t\t\t\t\t\t\t<span class=\"epkb-cat-count\">0<\/span>\r\n\t\t\t\t\t\t\t\t\t<\/span> \r\n\t\t\t\t\t\t\t<\/span>\r\n\r\n\t\t\t\t\t\t\t<!-- Icon Right -->     \r\n\t\t\t\t\t\t<\/div>\r\n\r\n\t\t\t\t\t\t<!-- Category Description -->\t\t\t\t\t\t\t\t\t\t\t<\/div>\r\n\r\n\t\t\t\t\t<!-- Section Body -->\r\n\t\t\t\t\t<div class=\"epkb-section-body\" style=\"border-bottom-width: 1px; padding-top: 4px; padding-bottom: 4px; padding-left: 22px; padding-right: 4px;\" >   \t\t\t\r\n\t\t<ul class=\"epkb-sub-category eckb-sub-category-ordering\"> \r\n\t\t\t\t<li style=\"padding-bottom: 4px; padding-top: 4px;\">\r\n\t\t\t\t\t<div class=\"epkb-category-level-2-3 epkb-category-focused\" >\r\n\r\n\t\t\t\t\t\t<span class=\"epkb-category-level-2-3__cat-icon epkbfa epkbfa-envelope-open-o\" style=\"color: #eb5a46;\"><\/span>\t\t\t\t\t\t\t\t\t\t\t<span class=\"epkb-category-level-2-3__cat-name\" tabindex=\"0\">\r\n\t\t\t\t\t\t\t<a href=\"https:\/\/evok.kalyna.dev\/fr\/kb\/cat\u00e9gorie\/messagerie\/hosted-exchange-fr\/\" style=\"color: #40474f;\">\r\n\t\t\t\t\t\t\t\t<h3>Hosted Exchange<\/h3>\r\n\t\t\t\t\t\t\t\t<span class=\"epkb-cat-count\">1<\/span>\r\n\t\t\t\t\t\t\t<\/a>\r\n\t\t\t\t\t\t<\/span>\r\n\r\n\t\t\t\t\t<\/div>                    \t\t\t\t<\/li>  \r\n\t\t\t\t<li style=\"padding-bottom: 4px; padding-top: 4px;\">\r\n\t\t\t\t\t<div class=\"epkb-category-level-2-3 epkb-category-focused\" >\r\n\r\n\t\t\t\t\t\t<span class=\"epkb-category-level-2-3__cat-icon epkbfa epkbfa-filter\" style=\"color: #eb5a46;\"><\/span>\t\t\t\t\t\t\t\t\t\t\t<span class=\"epkb-category-level-2-3__cat-name\" tabindex=\"0\">\r\n\t\t\t\t\t\t\t<a href=\"https:\/\/evok.kalyna.dev\/fr\/kb\/cat\u00e9gorie\/messagerie\/libraesva-fr\/\" style=\"color: #40474f;\">\r\n\t\t\t\t\t\t\t\t<h3>LibraESVA Antispam<\/h3>\r\n\t\t\t\t\t\t\t\t<span class=\"epkb-cat-count\">11<\/span>\r\n\t\t\t\t\t\t\t<\/a>\r\n\t\t\t\t\t\t<\/span>\r\n\r\n\t\t\t\t\t<\/div>                    \t\t\t\t<\/li>  \r\n\t\t<\/ul> \r\n\t\t\t\t\t<\/div><!-- Section Body End -->\r\n\r\n\t\t\t\t<\/section><!-- Section End -->  \r\n\t\t\t\t<!-- Section Container ( Category Box ) -->\r\n\t\t\t\t<section id=\"epkb_cat_3\" class=\"section_light_shadow epkb-top-category-box\" style=\"border-radius: 4px; border-width: 1px; border-color: #CACACE; background-color: #FEFEFE; border-style: solid;\" >\r\n\r\n\t\t\t\t\t<!-- Section Head -->\r\n\t\t\t\t\t<div class=\"section-head section_divider\" style=\"border-bottom-width: 1px; background-color: #FFFFFF; border-top-left-radius: 4px; border-top-right-radius: 4px; border-bottom-color: #FFFFFF; padding-top: 20px; padding-bottom: 20px; padding-left: 20px; padding-right: 20px;\" >\r\n\r\n\t\t\t\t\t\t<!-- Category Name + Icon -->\r\n\t\t\t\t\t\t<div class=\"epkb-category-level-1 epkb-category-level-1--icon-loc-left epkb-category-level-1--alignment-left\"  style=\"color: #000000;\" >\r\n\r\n\t\t\t\t\t\t\t<!-- Icon Top \/ Left -->\t                            \t\t\t\t\t\t\t\t\t<span class=\"epkb-cat-icon epkbfa epkbfa-area-chart\" data-kb-category-icon=\"epkbfa-area-chart\" style=\"color: #eb5a46; font-size: 30px;\"><\/span>\t\t\t\t\t\t\t\t<span class=\"epkb-cat-name\">    \t\t\t\t\t\t\t\t\t<span class=\"epkb-cat-name-count-container\" style=\"color: #000000; font-size:21px;;\">\r\n\t\t\t\t\t\t\t\t\t\t<h2>Selectline<\/h2>\r\n\t\t\t\t\t\t\t\t\t\t<span class=\"epkb-cat-count\">0<\/span>\r\n\t\t\t\t\t\t\t\t\t<\/span> \r\n\t\t\t\t\t\t\t<\/span>\r\n\r\n\t\t\t\t\t\t\t<!-- Icon Right -->     \r\n\t\t\t\t\t\t<\/div>\r\n\r\n\t\t\t\t\t\t<!-- Category Description -->\t\t\t\t\t\t\t\t\t\t\t<\/div>\r\n\r\n\t\t\t\t\t<!-- Section Body -->\r\n\t\t\t\t\t<div class=\"epkb-section-body\" style=\"border-bottom-width: 1px; padding-top: 4px; padding-bottom: 4px; padding-left: 22px; padding-right: 4px;\" >   \t\t\t\r\n\t\t<ul class=\"epkb-main-category epkb-articles\" > <li class=\"epkb-articles-coming-soon\">Articles \u00e0 venir<\/li>\r\n\t\t<\/ul> \r\n\t\t\t\t\t<\/div><!-- Section Body End -->\r\n\r\n\t\t\t\t<\/section><!-- Section End -->  \r\n\t\t\t<\/div>       \t\t\t\t\t<\/div>\r\n\r\n\t\t\t\t<\/div>\r\n\t\t\t<\/div>\r\n\t\t<\/div>   \n","protected":false},"excerpt":{"rendered":"","protected":false},"author":1,"featured_media":0,"parent":0,"menu_order":0,"comment_status":"closed","ping_status":"closed","template":"","meta":{"inline_featured_image":false,"footnotes":""},"class_list":["post-1146","page","type-page","status-publish","hentry"],"yoast_head":"<!-- This site is optimized with the Yoast SEO Premium plugin v19.7 (Yoast SEO v27.5) - https:\/\/yoast.com\/product\/yoast-seo-premium-wordpress\/ -->\n<title>Lexique base de connaissance services informatique IT<\/title>\n<meta name=\"description\" content=\"D\u00e9couvrez notre base de connaissance \u00e0 disposition de notre client\u00e8le et des internautes\" \/>\n<meta name=\"robots\" content=\"index, follow, max-snippet:-1, max-image-preview:large, max-video-preview:-1\" \/>\n<link rel=\"canonical\" href=\"https:\/\/evok.kalyna.dev\/fr\/kb\/\" \/>\n<meta property=\"og:locale\" content=\"fr_FR\" \/>\n<meta property=\"og:type\" content=\"article\" \/>\n<meta property=\"og:title\" content=\"kb\" \/>\n<meta property=\"og:description\" content=\"D\u00e9couvrez notre base de connaissance \u00e0 disposition de notre client\u00e8le et des internautes\" \/>\n<meta property=\"og:url\" content=\"https:\/\/evok.kalyna.dev\/fr\/kb\/\" \/>\n<meta property=\"og:site_name\" content=\"EVOK Informatique\" \/>\n<meta property=\"article:modified_time\" content=\"2022-12-02T10:47:47+00:00\" \/>\n<meta name=\"twitter:card\" content=\"summary_large_image\" \/>\n<meta name=\"twitter:label1\" content=\"Dur\u00e9e de lecture estim\u00e9e\" \/>\n\t<meta name=\"twitter:data1\" content=\"1 minute\" \/>\n<script type=\"application\/ld+json\" class=\"yoast-schema-graph\">{\"@context\":\"https:\\\/\\\/schema.org\",\"@graph\":[{\"@type\":\"WebPage\",\"@id\":\"https:\\\/\\\/evok.kalyna.dev\\\/fr\\\/kb\\\/\",\"url\":\"https:\\\/\\\/evok.kalyna.dev\\\/fr\\\/kb\\\/\",\"name\":\"Lexique base de connaissance services informatique IT\",\"isPartOf\":{\"@id\":\"\\\/#website\"},\"datePublished\":\"2021-06-17T11:27:30+00:00\",\"dateModified\":\"2022-12-02T10:47:47+00:00\",\"description\":\"D\u00e9couvrez notre base de connaissance \u00e0 disposition de notre client\u00e8le et des internautes\",\"breadcrumb\":{\"@id\":\"https:\\\/\\\/evok.kalyna.dev\\\/fr\\\/kb\\\/#breadcrumb\"},\"inLanguage\":\"fr-FR\",\"potentialAction\":[{\"@type\":\"ReadAction\",\"target\":[\"https:\\\/\\\/evok.kalyna.dev\\\/fr\\\/kb\\\/\"]}]},{\"@type\":\"BreadcrumbList\",\"@id\":\"https:\\\/\\\/evok.kalyna.dev\\\/fr\\\/kb\\\/#breadcrumb\",\"itemListElement\":[{\"@type\":\"ListItem\",\"position\":1,\"name\":\"Home\",\"item\":\"https:\\\/\\\/evok.kalyna.dev\\\/fr\\\/\"},{\"@type\":\"ListItem\",\"position\":2,\"name\":\"kb\"}]},{\"@type\":\"WebSite\",\"@id\":\"\\\/#website\",\"url\":\"\\\/\",\"name\":\"EVOK Informatique\",\"description\":\"\",\"potentialAction\":[{\"@type\":\"SearchAction\",\"target\":{\"@type\":\"EntryPoint\",\"urlTemplate\":\"\\\/?s={search_term_string}\"},\"query-input\":{\"@type\":\"PropertyValueSpecification\",\"valueRequired\":true,\"valueName\":\"search_term_string\"}}],\"inLanguage\":\"fr-FR\"}]}<\/script>\n<!-- \/ Yoast SEO Premium plugin. -->","yoast_head_json":{"title":"Lexique base de connaissance services informatique IT","description":"D\u00e9couvrez notre base de connaissance \u00e0 disposition de notre client\u00e8le et des internautes","robots":{"index":"index","follow":"follow","max-snippet":"max-snippet:-1","max-image-preview":"max-image-preview:large","max-video-preview":"max-video-preview:-1"},"canonical":"https:\/\/evok.kalyna.dev\/fr\/kb\/","og_locale":"fr_FR","og_type":"article","og_title":"kb","og_description":"D\u00e9couvrez notre base de connaissance \u00e0 disposition de notre client\u00e8le et des internautes","og_url":"https:\/\/evok.kalyna.dev\/fr\/kb\/","og_site_name":"EVOK Informatique","article_modified_time":"2022-12-02T10:47:47+00:00","twitter_card":"summary_large_image","twitter_misc":{"Dur\u00e9e de lecture estim\u00e9e":"1 minute"},"schema":{"@context":"https:\/\/schema.org","@graph":[{"@type":"WebPage","@id":"https:\/\/evok.kalyna.dev\/fr\/kb\/","url":"https:\/\/evok.kalyna.dev\/fr\/kb\/","name":"Lexique base de connaissance services informatique IT","isPartOf":{"@id":"\/#website"},"datePublished":"2021-06-17T11:27:30+00:00","dateModified":"2022-12-02T10:47:47+00:00","description":"D\u00e9couvrez notre base de connaissance \u00e0 disposition de notre client\u00e8le et des internautes","breadcrumb":{"@id":"https:\/\/evok.kalyna.dev\/fr\/kb\/#breadcrumb"},"inLanguage":"fr-FR","potentialAction":[{"@type":"ReadAction","target":["https:\/\/evok.kalyna.dev\/fr\/kb\/"]}]},{"@type":"BreadcrumbList","@id":"https:\/\/evok.kalyna.dev\/fr\/kb\/#breadcrumb","itemListElement":[{"@type":"ListItem","position":1,"name":"Home","item":"https:\/\/evok.kalyna.dev\/fr\/"},{"@type":"ListItem","position":2,"name":"kb"}]},{"@type":"WebSite","@id":"\/#website","url":"\/","name":"EVOK Informatique","description":"","potentialAction":[{"@type":"SearchAction","target":{"@type":"EntryPoint","urlTemplate":"\/?s={search_term_string}"},"query-input":{"@type":"PropertyValueSpecification","valueRequired":true,"valueName":"search_term_string"}}],"inLanguage":"fr-FR"}]}},"_links":{"self":[{"href":"https:\/\/evok.kalyna.dev\/fr\/wp-json\/wp\/v2\/pages\/1146","targetHints":{"allow":["GET"]}}],"collection":[{"href":"https:\/\/evok.kalyna.dev\/fr\/wp-json\/wp\/v2\/pages"}],"about":[{"href":"https:\/\/evok.kalyna.dev\/fr\/wp-json\/wp\/v2\/types\/page"}],"author":[{"embeddable":true,"href":"https:\/\/evok.kalyna.dev\/fr\/wp-json\/wp\/v2\/users\/1"}],"replies":[{"embeddable":true,"href":"https:\/\/evok.kalyna.dev\/fr\/wp-json\/wp\/v2\/comments?post=1146"}],"version-history":[{"count":0,"href":"https:\/\/evok.kalyna.dev\/fr\/wp-json\/wp\/v2\/pages\/1146\/revisions"}],"wp:attachment":[{"href":"https:\/\/evok.kalyna.dev\/fr\/wp-json\/wp\/v2\/media?parent=1146"}],"curies":[{"name":"wp","href":"https:\/\/api.w.org\/{rel}","templated":true}]}}