{"id":1278,"date":"2021-05-26T16:22:05","date_gmt":"2021-05-26T15:22:05","guid":{"rendered":"https:\/\/evok.kalyna.dev\/netglobalmaintenance\/"},"modified":"2022-06-05T20:24:40","modified_gmt":"2022-06-05T18:24:40","slug":"netglobalmaintenance","status":"publish","type":"page","link":"https:\/\/evok.kalyna.dev\/fr\/it-maintenance\/netglobalmaintenance\/","title":{"rendered":"D\u00e9pannage Informatique Lausanne, Fribourg Gen\u00e8ve - NetGlobalMaintenance"},"content":{"rendered":"","protected":false},"excerpt":{"rendered":"","protected":false},"author":1,"featured_media":0,"parent":1315,"menu_order":0,"comment_status":"closed","ping_status":"closed","template":"","meta":{"inline_featured_image":false,"footnotes":""},"class_list":["post-1278","page","type-page","status-publish","hentry"],"yoast_head":"<!-- This site is optimized with the Yoast SEO Premium plugin v19.7 (Yoast SEO v27.5) - https:\/\/yoast.com\/product\/yoast-seo-premium-wordpress\/ -->\n<title>D\u00e9pannage informatique Lausanne, Fribourg, Gen\u00e8ve, Morges, Nyon<\/title>\n<meta name=\"description\" content=\"Vous avez besoin d&#039;une entreprise de d\u00e9pannage sur le canton de Vaud, Gen\u00e8ve ou Fribourg ? Evok est \u00e0 votre \u00e9coute !\" \/>\n<meta name=\"robots\" content=\"index, follow, max-snippet:-1, max-image-preview:large, max-video-preview:-1\" \/>\n<link rel=\"canonical\" href=\"https:\/\/evok.kalyna.dev\/fr\/it-maintenance\/netglobalmaintenance\/\" \/>\n<meta property=\"og:locale\" content=\"fr_FR\" \/>\n<meta property=\"og:type\" content=\"article\" \/>\n<meta property=\"og:title\" content=\"D\u00e9pannage Informatique Lausanne, Fribourg Gen\u00e8ve - NetGlobalMaintenance\" \/>\n<meta property=\"og:description\" content=\"Vous avez besoin d&#039;une entreprise de d\u00e9pannage sur le canton de Vaud, Gen\u00e8ve ou Fribourg ? Evok est \u00e0 votre \u00e9coute !\" \/>\n<meta property=\"og:url\" content=\"https:\/\/evok.kalyna.dev\/fr\/it-maintenance\/netglobalmaintenance\/\" \/>\n<meta property=\"og:site_name\" content=\"EVOK Informatique\" \/>\n<meta property=\"article:modified_time\" content=\"2022-06-05T18:24:40+00:00\" \/>\n<meta name=\"twitter:card\" content=\"summary_large_image\" \/>\n<script type=\"application\/ld+json\" class=\"yoast-schema-graph\">{\"@context\":\"https:\\\/\\\/schema.org\",\"@graph\":[{\"@type\":\"WebPage\",\"@id\":\"https:\\\/\\\/evok.kalyna.dev\\\/fr\\\/it-maintenance\\\/netglobalmaintenance\\\/\",\"url\":\"https:\\\/\\\/evok.kalyna.dev\\\/fr\\\/it-maintenance\\\/netglobalmaintenance\\\/\",\"name\":\"D\u00e9pannage informatique Lausanne, Fribourg, Gen\u00e8ve, Morges, Nyon\",\"isPartOf\":{\"@id\":\"\\\/#website\"},\"datePublished\":\"2021-05-26T15:22:05+00:00\",\"dateModified\":\"2022-06-05T18:24:40+00:00\",\"description\":\"Vous avez besoin d'une entreprise de d\u00e9pannage sur le canton de Vaud, Gen\u00e8ve ou Fribourg ? Evok est \u00e0 votre \u00e9coute !\",\"breadcrumb\":{\"@id\":\"https:\\\/\\\/evok.kalyna.dev\\\/fr\\\/it-maintenance\\\/netglobalmaintenance\\\/#breadcrumb\"},\"inLanguage\":\"fr-FR\",\"potentialAction\":[{\"@type\":\"ReadAction\",\"target\":[\"https:\\\/\\\/evok.kalyna.dev\\\/fr\\\/it-maintenance\\\/netglobalmaintenance\\\/\"]}]},{\"@type\":\"BreadcrumbList\",\"@id\":\"https:\\\/\\\/evok.kalyna.dev\\\/fr\\\/it-maintenance\\\/netglobalmaintenance\\\/#breadcrumb\",\"itemListElement\":[{\"@type\":\"ListItem\",\"position\":1,\"name\":\"Home\",\"item\":\"https:\\\/\\\/evok.kalyna.dev\\\/fr\\\/\"},{\"@type\":\"ListItem\",\"position\":2,\"name\":\"IT Maintenance\",\"item\":\"https:\\\/\\\/evok.kalyna.dev\\\/fr\\\/it-maintenance\\\/\"},{\"@type\":\"ListItem\",\"position\":3,\"name\":\"D\u00e9pannage Informatique Lausanne, Fribourg Gen\u00e8ve - NetGlobalMaintenance\"}]},{\"@type\":\"WebSite\",\"@id\":\"\\\/#website\",\"url\":\"\\\/\",\"name\":\"EVOK Informatique\",\"description\":\"\",\"potentialAction\":[{\"@type\":\"SearchAction\",\"target\":{\"@type\":\"EntryPoint\",\"urlTemplate\":\"\\\/?s={search_term_string}\"},\"query-input\":{\"@type\":\"PropertyValueSpecification\",\"valueRequired\":true,\"valueName\":\"search_term_string\"}}],\"inLanguage\":\"fr-FR\"}]}<\/script>\n<!-- \/ Yoast SEO Premium plugin. -->","yoast_head_json":{"title":"D\u00e9pannage informatique Lausanne, Fribourg, Gen\u00e8ve, Morges, Nyon","description":"Vous avez besoin d'une entreprise de d\u00e9pannage sur le canton de Vaud, Gen\u00e8ve ou Fribourg ? Evok est \u00e0 votre \u00e9coute !","robots":{"index":"index","follow":"follow","max-snippet":"max-snippet:-1","max-image-preview":"max-image-preview:large","max-video-preview":"max-video-preview:-1"},"canonical":"https:\/\/evok.kalyna.dev\/fr\/it-maintenance\/netglobalmaintenance\/","og_locale":"fr_FR","og_type":"article","og_title":"D\u00e9pannage Informatique Lausanne, Fribourg Gen\u00e8ve - NetGlobalMaintenance","og_description":"Vous avez besoin d'une entreprise de d\u00e9pannage sur le canton de Vaud, Gen\u00e8ve ou Fribourg ? Evok est \u00e0 votre \u00e9coute !","og_url":"https:\/\/evok.kalyna.dev\/fr\/it-maintenance\/netglobalmaintenance\/","og_site_name":"EVOK Informatique","article_modified_time":"2022-06-05T18:24:40+00:00","twitter_card":"summary_large_image","schema":{"@context":"https:\/\/schema.org","@graph":[{"@type":"WebPage","@id":"https:\/\/evok.kalyna.dev\/fr\/it-maintenance\/netglobalmaintenance\/","url":"https:\/\/evok.kalyna.dev\/fr\/it-maintenance\/netglobalmaintenance\/","name":"D\u00e9pannage informatique Lausanne, Fribourg, Gen\u00e8ve, Morges, Nyon","isPartOf":{"@id":"\/#website"},"datePublished":"2021-05-26T15:22:05+00:00","dateModified":"2022-06-05T18:24:40+00:00","description":"Vous avez besoin d'une entreprise de d\u00e9pannage sur le canton de Vaud, Gen\u00e8ve ou Fribourg ? Evok est \u00e0 votre \u00e9coute !","breadcrumb":{"@id":"https:\/\/evok.kalyna.dev\/fr\/it-maintenance\/netglobalmaintenance\/#breadcrumb"},"inLanguage":"fr-FR","potentialAction":[{"@type":"ReadAction","target":["https:\/\/evok.kalyna.dev\/fr\/it-maintenance\/netglobalmaintenance\/"]}]},{"@type":"BreadcrumbList","@id":"https:\/\/evok.kalyna.dev\/fr\/it-maintenance\/netglobalmaintenance\/#breadcrumb","itemListElement":[{"@type":"ListItem","position":1,"name":"Home","item":"https:\/\/evok.kalyna.dev\/fr\/"},{"@type":"ListItem","position":2,"name":"IT Maintenance","item":"https:\/\/evok.kalyna.dev\/fr\/it-maintenance\/"},{"@type":"ListItem","position":3,"name":"D\u00e9pannage Informatique Lausanne, Fribourg Gen\u00e8ve - NetGlobalMaintenance"}]},{"@type":"WebSite","@id":"\/#website","url":"\/","name":"EVOK Informatique","description":"","potentialAction":[{"@type":"SearchAction","target":{"@type":"EntryPoint","urlTemplate":"\/?s={search_term_string}"},"query-input":{"@type":"PropertyValueSpecification","valueRequired":true,"valueName":"search_term_string"}}],"inLanguage":"fr-FR"}]}},"_links":{"self":[{"href":"https:\/\/evok.kalyna.dev\/fr\/wp-json\/wp\/v2\/pages\/1278","targetHints":{"allow":["GET"]}}],"collection":[{"href":"https:\/\/evok.kalyna.dev\/fr\/wp-json\/wp\/v2\/pages"}],"about":[{"href":"https:\/\/evok.kalyna.dev\/fr\/wp-json\/wp\/v2\/types\/page"}],"author":[{"embeddable":true,"href":"https:\/\/evok.kalyna.dev\/fr\/wp-json\/wp\/v2\/users\/1"}],"replies":[{"embeddable":true,"href":"https:\/\/evok.kalyna.dev\/fr\/wp-json\/wp\/v2\/comments?post=1278"}],"version-history":[{"count":0,"href":"https:\/\/evok.kalyna.dev\/fr\/wp-json\/wp\/v2\/pages\/1278\/revisions"}],"up":[{"embeddable":true,"href":"https:\/\/evok.kalyna.dev\/fr\/wp-json\/wp\/v2\/pages\/1315"}],"wp:attachment":[{"href":"https:\/\/evok.kalyna.dev\/fr\/wp-json\/wp\/v2\/media?parent=1278"}],"curies":[{"name":"wp","href":"https:\/\/api.w.org\/{rel}","templated":true}]}}