{"id":1281,"date":"2021-05-26T16:18:53","date_gmt":"2021-05-26T15:18:53","guid":{"rendered":"https:\/\/evok.kalyna.dev\/maintenance-and-infrastructure-management\/"},"modified":"2023-01-10T22:18:32","modified_gmt":"2023-01-10T21:18:32","slug":"it-maintenance-maintenance-gestion-infrastructure","status":"publish","type":"page","link":"https:\/\/evok.kalyna.dev\/fr\/it-maintenance\/maintenance-gestion-infrastructure\/","title":{"rendered":"MAINTENANCE ET GESTION D\u2019INFRASTRUCTURE"},"content":{"rendered":"","protected":false},"excerpt":{"rendered":"","protected":false},"author":1,"featured_media":0,"parent":1315,"menu_order":0,"comment_status":"closed","ping_status":"closed","template":"","meta":{"inline_featured_image":false,"footnotes":""},"class_list":["post-1281","page","type-page","status-publish","hentry"],"yoast_head":"<!-- This site is optimized with the Yoast SEO Premium plugin v19.7 (Yoast SEO v27.5) - https:\/\/yoast.com\/product\/yoast-seo-premium-wordpress\/ -->\n<title>Maintenance informatique, d\u00e9pannage informatique, prix, devis, tarif<\/title>\n<meta name=\"description\" content=\"Vous avez besoin d&#039;un prestataire en Maintenance et d\u00e9pannage informatique ? La soci\u00e9t\u00e9 Evok peut intervenir rapidement et efficacement\" \/>\n<meta name=\"robots\" content=\"index, follow, max-snippet:-1, max-image-preview:large, max-video-preview:-1\" \/>\n<link rel=\"canonical\" href=\"https:\/\/evok.kalyna.dev\/fr\/it-maintenance\/maintenance-gestion-infrastructure\/\" \/>\n<meta property=\"og:locale\" content=\"fr_FR\" \/>\n<meta property=\"og:type\" content=\"article\" \/>\n<meta property=\"og:title\" content=\"MAINTENANCE ET GESTION D\u2019INFRASTRUCTURE\" \/>\n<meta property=\"og:description\" content=\"Vous avez besoin d&#039;un prestataire en Maintenance et d\u00e9pannage informatique ? La soci\u00e9t\u00e9 Evok peut intervenir rapidement et efficacement\" \/>\n<meta property=\"og:url\" content=\"https:\/\/evok.kalyna.dev\/fr\/it-maintenance\/maintenance-gestion-infrastructure\/\" \/>\n<meta property=\"og:site_name\" content=\"EVOK Informatique\" \/>\n<meta property=\"article:modified_time\" content=\"2023-01-10T21:18:32+00:00\" \/>\n<meta name=\"twitter:card\" content=\"summary_large_image\" \/>\n<script type=\"application\/ld+json\" class=\"yoast-schema-graph\">{\"@context\":\"https:\\\/\\\/schema.org\",\"@graph\":[{\"@type\":\"WebPage\",\"@id\":\"https:\\\/\\\/evok.kalyna.dev\\\/fr\\\/it-maintenance\\\/maintenance-gestion-infrastructure\\\/\",\"url\":\"https:\\\/\\\/evok.kalyna.dev\\\/fr\\\/it-maintenance\\\/maintenance-gestion-infrastructure\\\/\",\"name\":\"Maintenance informatique, d\u00e9pannage informatique, prix, devis, tarif\",\"isPartOf\":{\"@id\":\"\\\/#website\"},\"datePublished\":\"2021-05-26T15:18:53+00:00\",\"dateModified\":\"2023-01-10T21:18:32+00:00\",\"description\":\"Vous avez besoin d'un prestataire en Maintenance et d\u00e9pannage informatique ? La soci\u00e9t\u00e9 Evok peut intervenir rapidement et efficacement\",\"breadcrumb\":{\"@id\":\"https:\\\/\\\/evok.kalyna.dev\\\/fr\\\/it-maintenance\\\/maintenance-gestion-infrastructure\\\/#breadcrumb\"},\"inLanguage\":\"fr-FR\",\"potentialAction\":[{\"@type\":\"ReadAction\",\"target\":[\"https:\\\/\\\/evok.kalyna.dev\\\/fr\\\/it-maintenance\\\/maintenance-gestion-infrastructure\\\/\"]}]},{\"@type\":\"BreadcrumbList\",\"@id\":\"https:\\\/\\\/evok.kalyna.dev\\\/fr\\\/it-maintenance\\\/maintenance-gestion-infrastructure\\\/#breadcrumb\",\"itemListElement\":[{\"@type\":\"ListItem\",\"position\":1,\"name\":\"Home\",\"item\":\"https:\\\/\\\/evok.kalyna.dev\\\/fr\\\/\"},{\"@type\":\"ListItem\",\"position\":2,\"name\":\"IT Maintenance\",\"item\":\"https:\\\/\\\/evok.kalyna.dev\\\/fr\\\/it-maintenance\\\/\"},{\"@type\":\"ListItem\",\"position\":3,\"name\":\"MAINTENANCE ET GESTION D\u2019INFRASTRUCTURE\"}]},{\"@type\":\"WebSite\",\"@id\":\"\\\/#website\",\"url\":\"\\\/\",\"name\":\"EVOK Informatique\",\"description\":\"\",\"potentialAction\":[{\"@type\":\"SearchAction\",\"target\":{\"@type\":\"EntryPoint\",\"urlTemplate\":\"\\\/?s={search_term_string}\"},\"query-input\":{\"@type\":\"PropertyValueSpecification\",\"valueRequired\":true,\"valueName\":\"search_term_string\"}}],\"inLanguage\":\"fr-FR\"}]}<\/script>\n<!-- \/ Yoast SEO Premium plugin. -->","yoast_head_json":{"title":"Maintenance informatique, d\u00e9pannage informatique, prix, devis, tarif","description":"Vous avez besoin d'un prestataire en Maintenance et d\u00e9pannage informatique ? La soci\u00e9t\u00e9 Evok peut intervenir rapidement et efficacement","robots":{"index":"index","follow":"follow","max-snippet":"max-snippet:-1","max-image-preview":"max-image-preview:large","max-video-preview":"max-video-preview:-1"},"canonical":"https:\/\/evok.kalyna.dev\/fr\/it-maintenance\/maintenance-gestion-infrastructure\/","og_locale":"fr_FR","og_type":"article","og_title":"MAINTENANCE ET GESTION D\u2019INFRASTRUCTURE","og_description":"Vous avez besoin d'un prestataire en Maintenance et d\u00e9pannage informatique ? La soci\u00e9t\u00e9 Evok peut intervenir rapidement et efficacement","og_url":"https:\/\/evok.kalyna.dev\/fr\/it-maintenance\/maintenance-gestion-infrastructure\/","og_site_name":"EVOK Informatique","article_modified_time":"2023-01-10T21:18:32+00:00","twitter_card":"summary_large_image","schema":{"@context":"https:\/\/schema.org","@graph":[{"@type":"WebPage","@id":"https:\/\/evok.kalyna.dev\/fr\/it-maintenance\/maintenance-gestion-infrastructure\/","url":"https:\/\/evok.kalyna.dev\/fr\/it-maintenance\/maintenance-gestion-infrastructure\/","name":"Maintenance informatique, d\u00e9pannage informatique, prix, devis, tarif","isPartOf":{"@id":"\/#website"},"datePublished":"2021-05-26T15:18:53+00:00","dateModified":"2023-01-10T21:18:32+00:00","description":"Vous avez besoin d'un prestataire en Maintenance et d\u00e9pannage informatique ? La soci\u00e9t\u00e9 Evok peut intervenir rapidement et efficacement","breadcrumb":{"@id":"https:\/\/evok.kalyna.dev\/fr\/it-maintenance\/maintenance-gestion-infrastructure\/#breadcrumb"},"inLanguage":"fr-FR","potentialAction":[{"@type":"ReadAction","target":["https:\/\/evok.kalyna.dev\/fr\/it-maintenance\/maintenance-gestion-infrastructure\/"]}]},{"@type":"BreadcrumbList","@id":"https:\/\/evok.kalyna.dev\/fr\/it-maintenance\/maintenance-gestion-infrastructure\/#breadcrumb","itemListElement":[{"@type":"ListItem","position":1,"name":"Home","item":"https:\/\/evok.kalyna.dev\/fr\/"},{"@type":"ListItem","position":2,"name":"IT Maintenance","item":"https:\/\/evok.kalyna.dev\/fr\/it-maintenance\/"},{"@type":"ListItem","position":3,"name":"MAINTENANCE ET GESTION D\u2019INFRASTRUCTURE"}]},{"@type":"WebSite","@id":"\/#website","url":"\/","name":"EVOK Informatique","description":"","potentialAction":[{"@type":"SearchAction","target":{"@type":"EntryPoint","urlTemplate":"\/?s={search_term_string}"},"query-input":{"@type":"PropertyValueSpecification","valueRequired":true,"valueName":"search_term_string"}}],"inLanguage":"fr-FR"}]}},"_links":{"self":[{"href":"https:\/\/evok.kalyna.dev\/fr\/wp-json\/wp\/v2\/pages\/1281","targetHints":{"allow":["GET"]}}],"collection":[{"href":"https:\/\/evok.kalyna.dev\/fr\/wp-json\/wp\/v2\/pages"}],"about":[{"href":"https:\/\/evok.kalyna.dev\/fr\/wp-json\/wp\/v2\/types\/page"}],"author":[{"embeddable":true,"href":"https:\/\/evok.kalyna.dev\/fr\/wp-json\/wp\/v2\/users\/1"}],"replies":[{"embeddable":true,"href":"https:\/\/evok.kalyna.dev\/fr\/wp-json\/wp\/v2\/comments?post=1281"}],"version-history":[{"count":0,"href":"https:\/\/evok.kalyna.dev\/fr\/wp-json\/wp\/v2\/pages\/1281\/revisions"}],"up":[{"embeddable":true,"href":"https:\/\/evok.kalyna.dev\/fr\/wp-json\/wp\/v2\/pages\/1315"}],"wp:attachment":[{"href":"https:\/\/evok.kalyna.dev\/fr\/wp-json\/wp\/v2\/media?parent=1281"}],"curies":[{"name":"wp","href":"https:\/\/api.w.org\/{rel}","templated":true}]}}