{"id":1284,"date":"2021-05-24T09:02:05","date_gmt":"2021-05-24T08:02:05","guid":{"rendered":"https:\/\/evok.kalyna.dev\/cloud-services\/hosted-exchange-switzerland\/"},"modified":"2023-01-11T15:37:42","modified_gmt":"2023-01-11T14:37:42","slug":"hosted-exchange-suisse","status":"publish","type":"page","link":"https:\/\/evok.kalyna.dev\/fr\/cloud-services\/hosted-exchange-suisse\/","title":{"rendered":"Hosted Exchange Suisse"},"content":{"rendered":"","protected":false},"excerpt":{"rendered":"","protected":false},"author":1,"featured_media":0,"parent":1165,"menu_order":0,"comment_status":"closed","ping_status":"closed","template":"","meta":{"inline_featured_image":false,"footnotes":""},"class_list":["post-1284","page","type-page","status-publish","hentry"],"yoast_head":"<!-- This site is optimized with the Yoast SEO Premium plugin v19.7 (Yoast SEO v27.5) - https:\/\/yoast.com\/product\/yoast-seo-premium-wordpress\/ -->\n<title>Hosted Exchange Suisse - EVOK Informatique<\/title>\n<meta name=\"description\" content=\"Microsoft Hosted Exchange est l\u2019outil de communication par excellence pour votre entreprise : s\u00e9curis\u00e9, h\u00e9berg\u00e9 100% en Suisse et sous l\u00e9gislation Suisse.\" \/>\n<meta name=\"robots\" content=\"index, follow, max-snippet:-1, max-image-preview:large, max-video-preview:-1\" \/>\n<link rel=\"canonical\" href=\"https:\/\/evok.kalyna.dev\/fr\/cloud-services\/hosted-exchange-suisse\/\" \/>\n<meta property=\"og:locale\" content=\"fr_FR\" \/>\n<meta property=\"og:type\" content=\"article\" \/>\n<meta property=\"og:title\" content=\"Hosted Exchange Suisse\" \/>\n<meta property=\"og:description\" content=\"Microsoft Hosted Exchange est l\u2019outil de communication par excellence pour votre entreprise : s\u00e9curis\u00e9, h\u00e9berg\u00e9 100% en Suisse et sous l\u00e9gislation Suisse.\" \/>\n<meta property=\"og:url\" content=\"https:\/\/evok.kalyna.dev\/fr\/cloud-services\/hosted-exchange-suisse\/\" \/>\n<meta property=\"og:site_name\" content=\"EVOK Informatique\" \/>\n<meta property=\"article:modified_time\" content=\"2023-01-11T14:37:42+00:00\" \/>\n<meta name=\"twitter:card\" content=\"summary_large_image\" \/>\n<script type=\"application\/ld+json\" class=\"yoast-schema-graph\">{\"@context\":\"https:\\\/\\\/schema.org\",\"@graph\":[{\"@type\":\"WebPage\",\"@id\":\"https:\\\/\\\/evok.kalyna.dev\\\/fr\\\/cloud-services\\\/hosted-exchange-suisse\\\/\",\"url\":\"https:\\\/\\\/evok.kalyna.dev\\\/fr\\\/cloud-services\\\/hosted-exchange-suisse\\\/\",\"name\":\"Hosted Exchange Suisse - EVOK Informatique\",\"isPartOf\":{\"@id\":\"\\\/#website\"},\"datePublished\":\"2021-05-24T08:02:05+00:00\",\"dateModified\":\"2023-01-11T14:37:42+00:00\",\"description\":\"Microsoft Hosted Exchange est l\u2019outil de communication par excellence pour votre entreprise : s\u00e9curis\u00e9, h\u00e9berg\u00e9 100% en Suisse et sous l\u00e9gislation Suisse.\",\"breadcrumb\":{\"@id\":\"https:\\\/\\\/evok.kalyna.dev\\\/fr\\\/cloud-services\\\/hosted-exchange-suisse\\\/#breadcrumb\"},\"inLanguage\":\"fr-FR\",\"potentialAction\":[{\"@type\":\"ReadAction\",\"target\":[\"https:\\\/\\\/evok.kalyna.dev\\\/fr\\\/cloud-services\\\/hosted-exchange-suisse\\\/\"]}]},{\"@type\":\"BreadcrumbList\",\"@id\":\"https:\\\/\\\/evok.kalyna.dev\\\/fr\\\/cloud-services\\\/hosted-exchange-suisse\\\/#breadcrumb\",\"itemListElement\":[{\"@type\":\"ListItem\",\"position\":1,\"name\":\"Home\",\"item\":\"https:\\\/\\\/evok.kalyna.dev\\\/fr\\\/\"},{\"@type\":\"ListItem\",\"position\":2,\"name\":\"Cloud Services\",\"item\":\"https:\\\/\\\/evok.kalyna.dev\\\/fr\\\/cloud-services\\\/\"},{\"@type\":\"ListItem\",\"position\":3,\"name\":\"Hosted Exchange Suisse\"}]},{\"@type\":\"WebSite\",\"@id\":\"\\\/#website\",\"url\":\"\\\/\",\"name\":\"EVOK Informatique\",\"description\":\"\",\"potentialAction\":[{\"@type\":\"SearchAction\",\"target\":{\"@type\":\"EntryPoint\",\"urlTemplate\":\"\\\/?s={search_term_string}\"},\"query-input\":{\"@type\":\"PropertyValueSpecification\",\"valueRequired\":true,\"valueName\":\"search_term_string\"}}],\"inLanguage\":\"fr-FR\"}]}<\/script>\n<!-- \/ Yoast SEO Premium plugin. -->","yoast_head_json":{"title":"Hosted Exchange Suisse - EVOK Informatique","description":"Microsoft Hosted Exchange est l\u2019outil de communication par excellence pour votre entreprise : s\u00e9curis\u00e9, h\u00e9berg\u00e9 100% en Suisse et sous l\u00e9gislation Suisse.","robots":{"index":"index","follow":"follow","max-snippet":"max-snippet:-1","max-image-preview":"max-image-preview:large","max-video-preview":"max-video-preview:-1"},"canonical":"https:\/\/evok.kalyna.dev\/fr\/cloud-services\/hosted-exchange-suisse\/","og_locale":"fr_FR","og_type":"article","og_title":"Hosted Exchange Suisse","og_description":"Microsoft Hosted Exchange est l\u2019outil de communication par excellence pour votre entreprise : s\u00e9curis\u00e9, h\u00e9berg\u00e9 100% en Suisse et sous l\u00e9gislation Suisse.","og_url":"https:\/\/evok.kalyna.dev\/fr\/cloud-services\/hosted-exchange-suisse\/","og_site_name":"EVOK Informatique","article_modified_time":"2023-01-11T14:37:42+00:00","twitter_card":"summary_large_image","schema":{"@context":"https:\/\/schema.org","@graph":[{"@type":"WebPage","@id":"https:\/\/evok.kalyna.dev\/fr\/cloud-services\/hosted-exchange-suisse\/","url":"https:\/\/evok.kalyna.dev\/fr\/cloud-services\/hosted-exchange-suisse\/","name":"Hosted Exchange Suisse - EVOK Informatique","isPartOf":{"@id":"\/#website"},"datePublished":"2021-05-24T08:02:05+00:00","dateModified":"2023-01-11T14:37:42+00:00","description":"Microsoft Hosted Exchange est l\u2019outil de communication par excellence pour votre entreprise : s\u00e9curis\u00e9, h\u00e9berg\u00e9 100% en Suisse et sous l\u00e9gislation Suisse.","breadcrumb":{"@id":"https:\/\/evok.kalyna.dev\/fr\/cloud-services\/hosted-exchange-suisse\/#breadcrumb"},"inLanguage":"fr-FR","potentialAction":[{"@type":"ReadAction","target":["https:\/\/evok.kalyna.dev\/fr\/cloud-services\/hosted-exchange-suisse\/"]}]},{"@type":"BreadcrumbList","@id":"https:\/\/evok.kalyna.dev\/fr\/cloud-services\/hosted-exchange-suisse\/#breadcrumb","itemListElement":[{"@type":"ListItem","position":1,"name":"Home","item":"https:\/\/evok.kalyna.dev\/fr\/"},{"@type":"ListItem","position":2,"name":"Cloud Services","item":"https:\/\/evok.kalyna.dev\/fr\/cloud-services\/"},{"@type":"ListItem","position":3,"name":"Hosted Exchange Suisse"}]},{"@type":"WebSite","@id":"\/#website","url":"\/","name":"EVOK Informatique","description":"","potentialAction":[{"@type":"SearchAction","target":{"@type":"EntryPoint","urlTemplate":"\/?s={search_term_string}"},"query-input":{"@type":"PropertyValueSpecification","valueRequired":true,"valueName":"search_term_string"}}],"inLanguage":"fr-FR"}]}},"_links":{"self":[{"href":"https:\/\/evok.kalyna.dev\/fr\/wp-json\/wp\/v2\/pages\/1284","targetHints":{"allow":["GET"]}}],"collection":[{"href":"https:\/\/evok.kalyna.dev\/fr\/wp-json\/wp\/v2\/pages"}],"about":[{"href":"https:\/\/evok.kalyna.dev\/fr\/wp-json\/wp\/v2\/types\/page"}],"author":[{"embeddable":true,"href":"https:\/\/evok.kalyna.dev\/fr\/wp-json\/wp\/v2\/users\/1"}],"replies":[{"embeddable":true,"href":"https:\/\/evok.kalyna.dev\/fr\/wp-json\/wp\/v2\/comments?post=1284"}],"version-history":[{"count":0,"href":"https:\/\/evok.kalyna.dev\/fr\/wp-json\/wp\/v2\/pages\/1284\/revisions"}],"up":[{"embeddable":true,"href":"https:\/\/evok.kalyna.dev\/fr\/wp-json\/wp\/v2\/pages\/1165"}],"wp:attachment":[{"href":"https:\/\/evok.kalyna.dev\/fr\/wp-json\/wp\/v2\/media?parent=1284"}],"curies":[{"name":"wp","href":"https:\/\/api.w.org\/{rel}","templated":true}]}}