{"id":1286,"date":"2021-05-24T08:45:26","date_gmt":"2021-05-24T06:45:26","guid":{"rendered":"https:\/\/evok.kalyna.dev\/cloud-services\/secured-distant-acces-vpn-ssl\/"},"modified":"2022-06-08T22:28:39","modified_gmt":"2022-06-08T20:28:39","slug":"teletravail-vpn-ssl","status":"publish","type":"page","link":"https:\/\/evok.kalyna.dev\/fr\/cloud-services\/teletravail-vpn-ssl\/","title":{"rendered":"Acc\u00e8s distant T\u00e9l\u00e9travail (VPN-SSL)"},"content":{"rendered":"","protected":false},"excerpt":{"rendered":"","protected":false},"author":1,"featured_media":0,"parent":1165,"menu_order":0,"comment_status":"closed","ping_status":"closed","template":"","meta":{"inline_featured_image":false,"footnotes":""},"class_list":["post-1286","page","type-page","status-publish","hentry"],"yoast_head":"<!-- This site is optimized with the Yoast SEO Premium plugin v19.7 (Yoast SEO v27.5) - https:\/\/yoast.com\/product\/yoast-seo-premium-wordpress\/ -->\n<title>Organisation t\u00e9l\u00e9travail entreprises avec Acc\u00e8s distant s\u00e9curis\u00e9 VPN - SSL<\/title>\n<meta name=\"description\" content=\"La soci\u00e9t\u00e9 Evok vous propose des solutions pour organiser le travail en toute s\u00e9curit\u00e9 gr\u00e2ce \u00e0 des VPN et connexions SSL\" \/>\n<meta name=\"robots\" content=\"index, follow, max-snippet:-1, max-image-preview:large, max-video-preview:-1\" \/>\n<link rel=\"canonical\" href=\"https:\/\/evok.kalyna.dev\/fr\/cloud-services\/teletravail-vpn-ssl\/\" \/>\n<meta property=\"og:locale\" content=\"fr_FR\" \/>\n<meta property=\"og:type\" content=\"article\" \/>\n<meta property=\"og:title\" content=\"Acc\u00e8s distant T\u00e9l\u00e9travail (VPN-SSL)\" \/>\n<meta property=\"og:description\" content=\"La soci\u00e9t\u00e9 Evok vous propose des solutions pour organiser le travail en toute s\u00e9curit\u00e9 gr\u00e2ce \u00e0 des VPN et connexions SSL\" \/>\n<meta property=\"og:url\" content=\"https:\/\/evok.kalyna.dev\/fr\/cloud-services\/teletravail-vpn-ssl\/\" \/>\n<meta property=\"og:site_name\" content=\"EVOK Informatique\" \/>\n<meta property=\"article:modified_time\" content=\"2022-06-08T20:28:39+00:00\" \/>\n<meta name=\"twitter:card\" content=\"summary_large_image\" \/>\n<script type=\"application\/ld+json\" class=\"yoast-schema-graph\">{\"@context\":\"https:\\\/\\\/schema.org\",\"@graph\":[{\"@type\":\"WebPage\",\"@id\":\"https:\\\/\\\/evok.kalyna.dev\\\/fr\\\/cloud-services\\\/teletravail-vpn-ssl\\\/\",\"url\":\"https:\\\/\\\/evok.kalyna.dev\\\/fr\\\/cloud-services\\\/teletravail-vpn-ssl\\\/\",\"name\":\"Organisation t\u00e9l\u00e9travail entreprises avec Acc\u00e8s distant s\u00e9curis\u00e9 VPN - SSL\",\"isPartOf\":{\"@id\":\"\\\/#website\"},\"datePublished\":\"2021-05-24T06:45:26+00:00\",\"dateModified\":\"2022-06-08T20:28:39+00:00\",\"description\":\"La soci\u00e9t\u00e9 Evok vous propose des solutions pour organiser le travail en toute s\u00e9curit\u00e9 gr\u00e2ce \u00e0 des VPN et connexions SSL\",\"breadcrumb\":{\"@id\":\"https:\\\/\\\/evok.kalyna.dev\\\/fr\\\/cloud-services\\\/teletravail-vpn-ssl\\\/#breadcrumb\"},\"inLanguage\":\"fr-FR\",\"potentialAction\":[{\"@type\":\"ReadAction\",\"target\":[\"https:\\\/\\\/evok.kalyna.dev\\\/fr\\\/cloud-services\\\/teletravail-vpn-ssl\\\/\"]}]},{\"@type\":\"BreadcrumbList\",\"@id\":\"https:\\\/\\\/evok.kalyna.dev\\\/fr\\\/cloud-services\\\/teletravail-vpn-ssl\\\/#breadcrumb\",\"itemListElement\":[{\"@type\":\"ListItem\",\"position\":1,\"name\":\"Home\",\"item\":\"https:\\\/\\\/evok.kalyna.dev\\\/fr\\\/\"},{\"@type\":\"ListItem\",\"position\":2,\"name\":\"Cloud Services\",\"item\":\"https:\\\/\\\/evok.kalyna.dev\\\/fr\\\/cloud-services\\\/\"},{\"@type\":\"ListItem\",\"position\":3,\"name\":\"Acc\u00e8s distant T\u00e9l\u00e9travail (VPN-SSL)\"}]},{\"@type\":\"WebSite\",\"@id\":\"\\\/#website\",\"url\":\"\\\/\",\"name\":\"EVOK Informatique\",\"description\":\"\",\"potentialAction\":[{\"@type\":\"SearchAction\",\"target\":{\"@type\":\"EntryPoint\",\"urlTemplate\":\"\\\/?s={search_term_string}\"},\"query-input\":{\"@type\":\"PropertyValueSpecification\",\"valueRequired\":true,\"valueName\":\"search_term_string\"}}],\"inLanguage\":\"fr-FR\"}]}<\/script>\n<!-- \/ Yoast SEO Premium plugin. -->","yoast_head_json":{"title":"Organisation t\u00e9l\u00e9travail entreprises avec Acc\u00e8s distant s\u00e9curis\u00e9 VPN - SSL","description":"La soci\u00e9t\u00e9 Evok vous propose des solutions pour organiser le travail en toute s\u00e9curit\u00e9 gr\u00e2ce \u00e0 des VPN et connexions SSL","robots":{"index":"index","follow":"follow","max-snippet":"max-snippet:-1","max-image-preview":"max-image-preview:large","max-video-preview":"max-video-preview:-1"},"canonical":"https:\/\/evok.kalyna.dev\/fr\/cloud-services\/teletravail-vpn-ssl\/","og_locale":"fr_FR","og_type":"article","og_title":"Acc\u00e8s distant T\u00e9l\u00e9travail (VPN-SSL)","og_description":"La soci\u00e9t\u00e9 Evok vous propose des solutions pour organiser le travail en toute s\u00e9curit\u00e9 gr\u00e2ce \u00e0 des VPN et connexions SSL","og_url":"https:\/\/evok.kalyna.dev\/fr\/cloud-services\/teletravail-vpn-ssl\/","og_site_name":"EVOK Informatique","article_modified_time":"2022-06-08T20:28:39+00:00","twitter_card":"summary_large_image","schema":{"@context":"https:\/\/schema.org","@graph":[{"@type":"WebPage","@id":"https:\/\/evok.kalyna.dev\/fr\/cloud-services\/teletravail-vpn-ssl\/","url":"https:\/\/evok.kalyna.dev\/fr\/cloud-services\/teletravail-vpn-ssl\/","name":"Organisation t\u00e9l\u00e9travail entreprises avec Acc\u00e8s distant s\u00e9curis\u00e9 VPN - SSL","isPartOf":{"@id":"\/#website"},"datePublished":"2021-05-24T06:45:26+00:00","dateModified":"2022-06-08T20:28:39+00:00","description":"La soci\u00e9t\u00e9 Evok vous propose des solutions pour organiser le travail en toute s\u00e9curit\u00e9 gr\u00e2ce \u00e0 des VPN et connexions SSL","breadcrumb":{"@id":"https:\/\/evok.kalyna.dev\/fr\/cloud-services\/teletravail-vpn-ssl\/#breadcrumb"},"inLanguage":"fr-FR","potentialAction":[{"@type":"ReadAction","target":["https:\/\/evok.kalyna.dev\/fr\/cloud-services\/teletravail-vpn-ssl\/"]}]},{"@type":"BreadcrumbList","@id":"https:\/\/evok.kalyna.dev\/fr\/cloud-services\/teletravail-vpn-ssl\/#breadcrumb","itemListElement":[{"@type":"ListItem","position":1,"name":"Home","item":"https:\/\/evok.kalyna.dev\/fr\/"},{"@type":"ListItem","position":2,"name":"Cloud Services","item":"https:\/\/evok.kalyna.dev\/fr\/cloud-services\/"},{"@type":"ListItem","position":3,"name":"Acc\u00e8s distant T\u00e9l\u00e9travail (VPN-SSL)"}]},{"@type":"WebSite","@id":"\/#website","url":"\/","name":"EVOK Informatique","description":"","potentialAction":[{"@type":"SearchAction","target":{"@type":"EntryPoint","urlTemplate":"\/?s={search_term_string}"},"query-input":{"@type":"PropertyValueSpecification","valueRequired":true,"valueName":"search_term_string"}}],"inLanguage":"fr-FR"}]}},"_links":{"self":[{"href":"https:\/\/evok.kalyna.dev\/fr\/wp-json\/wp\/v2\/pages\/1286","targetHints":{"allow":["GET"]}}],"collection":[{"href":"https:\/\/evok.kalyna.dev\/fr\/wp-json\/wp\/v2\/pages"}],"about":[{"href":"https:\/\/evok.kalyna.dev\/fr\/wp-json\/wp\/v2\/types\/page"}],"author":[{"embeddable":true,"href":"https:\/\/evok.kalyna.dev\/fr\/wp-json\/wp\/v2\/users\/1"}],"replies":[{"embeddable":true,"href":"https:\/\/evok.kalyna.dev\/fr\/wp-json\/wp\/v2\/comments?post=1286"}],"version-history":[{"count":0,"href":"https:\/\/evok.kalyna.dev\/fr\/wp-json\/wp\/v2\/pages\/1286\/revisions"}],"up":[{"embeddable":true,"href":"https:\/\/evok.kalyna.dev\/fr\/wp-json\/wp\/v2\/pages\/1165"}],"wp:attachment":[{"href":"https:\/\/evok.kalyna.dev\/fr\/wp-json\/wp\/v2\/media?parent=1286"}],"curies":[{"name":"wp","href":"https:\/\/api.w.org\/{rel}","templated":true}]}}