{"id":1288,"date":"2021-05-24T08:43:38","date_gmt":"2021-05-24T07:43:38","guid":{"rendered":"https:\/\/evok.kalyna.dev\/cloud-services\/website-hosting\/"},"modified":"2022-12-21T17:16:14","modified_gmt":"2022-12-21T16:16:14","slug":"hebergement-web","status":"publish","type":"page","link":"https:\/\/evok.kalyna.dev\/fr\/cloud-services\/hebergement-web\/","title":{"rendered":"H\u00e9bergement web"},"content":{"rendered":"","protected":false},"excerpt":{"rendered":"","protected":false},"author":1,"featured_media":0,"parent":1165,"menu_order":0,"comment_status":"closed","ping_status":"closed","template":"","meta":{"inline_featured_image":false,"footnotes":""},"class_list":["post-1288","page","type-page","status-publish","hentry"],"yoast_head":"<!-- This site is optimized with the Yoast SEO Premium plugin v19.7 (Yoast SEO v27.5) - https:\/\/yoast.com\/product\/yoast-seo-premium-wordpress\/ -->\n<title>H\u00e9bergeur Web en Suisse<\/title>\n<meta name=\"description\" content=\"Votre site web h\u00e9berg\u00e9 chez EVOK, c\u2019est un h\u00e9bergement professionnel en Suisse dans un datacenter moderne et s\u00e9curis\u00e9.\" \/>\n<meta name=\"robots\" content=\"index, follow, max-snippet:-1, max-image-preview:large, max-video-preview:-1\" \/>\n<link rel=\"canonical\" href=\"https:\/\/evok.kalyna.dev\/fr\/cloud-services\/hebergement-web\/\" \/>\n<meta property=\"og:locale\" content=\"fr_FR\" \/>\n<meta property=\"og:type\" content=\"article\" \/>\n<meta property=\"og:title\" content=\"H\u00e9bergement web\" \/>\n<meta property=\"og:description\" content=\"Votre site web h\u00e9berg\u00e9 chez EVOK, c\u2019est un h\u00e9bergement professionnel en Suisse dans un datacenter moderne et s\u00e9curis\u00e9.\" \/>\n<meta property=\"og:url\" content=\"https:\/\/evok.kalyna.dev\/fr\/cloud-services\/hebergement-web\/\" \/>\n<meta property=\"og:site_name\" content=\"EVOK Informatique\" \/>\n<meta property=\"article:modified_time\" content=\"2022-12-21T16:16:14+00:00\" \/>\n<meta name=\"twitter:card\" content=\"summary_large_image\" \/>\n<script type=\"application\/ld+json\" class=\"yoast-schema-graph\">{\"@context\":\"https:\\\/\\\/schema.org\",\"@graph\":[{\"@type\":\"WebPage\",\"@id\":\"https:\\\/\\\/evok.kalyna.dev\\\/fr\\\/cloud-services\\\/hebergement-web\\\/\",\"url\":\"https:\\\/\\\/evok.kalyna.dev\\\/fr\\\/cloud-services\\\/hebergement-web\\\/\",\"name\":\"H\u00e9bergeur Web en Suisse\",\"isPartOf\":{\"@id\":\"\\\/#website\"},\"datePublished\":\"2021-05-24T07:43:38+00:00\",\"dateModified\":\"2022-12-21T16:16:14+00:00\",\"description\":\"Votre site web h\u00e9berg\u00e9 chez EVOK, c\u2019est un h\u00e9bergement professionnel en Suisse dans un datacenter moderne et s\u00e9curis\u00e9.\",\"breadcrumb\":{\"@id\":\"https:\\\/\\\/evok.kalyna.dev\\\/fr\\\/cloud-services\\\/hebergement-web\\\/#breadcrumb\"},\"inLanguage\":\"fr-FR\",\"potentialAction\":[{\"@type\":\"ReadAction\",\"target\":[\"https:\\\/\\\/evok.kalyna.dev\\\/fr\\\/cloud-services\\\/hebergement-web\\\/\"]}]},{\"@type\":\"BreadcrumbList\",\"@id\":\"https:\\\/\\\/evok.kalyna.dev\\\/fr\\\/cloud-services\\\/hebergement-web\\\/#breadcrumb\",\"itemListElement\":[{\"@type\":\"ListItem\",\"position\":1,\"name\":\"Home\",\"item\":\"https:\\\/\\\/evok.kalyna.dev\\\/fr\\\/\"},{\"@type\":\"ListItem\",\"position\":2,\"name\":\"Cloud Services\",\"item\":\"https:\\\/\\\/evok.kalyna.dev\\\/fr\\\/cloud-services\\\/\"},{\"@type\":\"ListItem\",\"position\":3,\"name\":\"H\u00e9bergement web\"}]},{\"@type\":\"WebSite\",\"@id\":\"\\\/#website\",\"url\":\"\\\/\",\"name\":\"EVOK Informatique\",\"description\":\"\",\"potentialAction\":[{\"@type\":\"SearchAction\",\"target\":{\"@type\":\"EntryPoint\",\"urlTemplate\":\"\\\/?s={search_term_string}\"},\"query-input\":{\"@type\":\"PropertyValueSpecification\",\"valueRequired\":true,\"valueName\":\"search_term_string\"}}],\"inLanguage\":\"fr-FR\"}]}<\/script>\n<!-- \/ Yoast SEO Premium plugin. -->","yoast_head_json":{"title":"H\u00e9bergeur Web en Suisse","description":"Votre site web h\u00e9berg\u00e9 chez EVOK, c\u2019est un h\u00e9bergement professionnel en Suisse dans un datacenter moderne et s\u00e9curis\u00e9.","robots":{"index":"index","follow":"follow","max-snippet":"max-snippet:-1","max-image-preview":"max-image-preview:large","max-video-preview":"max-video-preview:-1"},"canonical":"https:\/\/evok.kalyna.dev\/fr\/cloud-services\/hebergement-web\/","og_locale":"fr_FR","og_type":"article","og_title":"H\u00e9bergement web","og_description":"Votre site web h\u00e9berg\u00e9 chez EVOK, c\u2019est un h\u00e9bergement professionnel en Suisse dans un datacenter moderne et s\u00e9curis\u00e9.","og_url":"https:\/\/evok.kalyna.dev\/fr\/cloud-services\/hebergement-web\/","og_site_name":"EVOK Informatique","article_modified_time":"2022-12-21T16:16:14+00:00","twitter_card":"summary_large_image","schema":{"@context":"https:\/\/schema.org","@graph":[{"@type":"WebPage","@id":"https:\/\/evok.kalyna.dev\/fr\/cloud-services\/hebergement-web\/","url":"https:\/\/evok.kalyna.dev\/fr\/cloud-services\/hebergement-web\/","name":"H\u00e9bergeur Web en Suisse","isPartOf":{"@id":"\/#website"},"datePublished":"2021-05-24T07:43:38+00:00","dateModified":"2022-12-21T16:16:14+00:00","description":"Votre site web h\u00e9berg\u00e9 chez EVOK, c\u2019est un h\u00e9bergement professionnel en Suisse dans un datacenter moderne et s\u00e9curis\u00e9.","breadcrumb":{"@id":"https:\/\/evok.kalyna.dev\/fr\/cloud-services\/hebergement-web\/#breadcrumb"},"inLanguage":"fr-FR","potentialAction":[{"@type":"ReadAction","target":["https:\/\/evok.kalyna.dev\/fr\/cloud-services\/hebergement-web\/"]}]},{"@type":"BreadcrumbList","@id":"https:\/\/evok.kalyna.dev\/fr\/cloud-services\/hebergement-web\/#breadcrumb","itemListElement":[{"@type":"ListItem","position":1,"name":"Home","item":"https:\/\/evok.kalyna.dev\/fr\/"},{"@type":"ListItem","position":2,"name":"Cloud Services","item":"https:\/\/evok.kalyna.dev\/fr\/cloud-services\/"},{"@type":"ListItem","position":3,"name":"H\u00e9bergement web"}]},{"@type":"WebSite","@id":"\/#website","url":"\/","name":"EVOK Informatique","description":"","potentialAction":[{"@type":"SearchAction","target":{"@type":"EntryPoint","urlTemplate":"\/?s={search_term_string}"},"query-input":{"@type":"PropertyValueSpecification","valueRequired":true,"valueName":"search_term_string"}}],"inLanguage":"fr-FR"}]}},"_links":{"self":[{"href":"https:\/\/evok.kalyna.dev\/fr\/wp-json\/wp\/v2\/pages\/1288","targetHints":{"allow":["GET"]}}],"collection":[{"href":"https:\/\/evok.kalyna.dev\/fr\/wp-json\/wp\/v2\/pages"}],"about":[{"href":"https:\/\/evok.kalyna.dev\/fr\/wp-json\/wp\/v2\/types\/page"}],"author":[{"embeddable":true,"href":"https:\/\/evok.kalyna.dev\/fr\/wp-json\/wp\/v2\/users\/1"}],"replies":[{"embeddable":true,"href":"https:\/\/evok.kalyna.dev\/fr\/wp-json\/wp\/v2\/comments?post=1288"}],"version-history":[{"count":0,"href":"https:\/\/evok.kalyna.dev\/fr\/wp-json\/wp\/v2\/pages\/1288\/revisions"}],"up":[{"embeddable":true,"href":"https:\/\/evok.kalyna.dev\/fr\/wp-json\/wp\/v2\/pages\/1165"}],"wp:attachment":[{"href":"https:\/\/evok.kalyna.dev\/fr\/wp-json\/wp\/v2\/media?parent=1288"}],"curies":[{"name":"wp","href":"https:\/\/api.w.org\/{rel}","templated":true}]}}