{"id":1290,"date":"2021-05-24T08:41:31","date_gmt":"2021-05-24T07:41:31","guid":{"rendered":"https:\/\/evok.kalyna.dev\/cloud-services\/online-backup-for-desktop\/"},"modified":"2022-12-21T16:47:04","modified_gmt":"2022-12-21T15:47:04","slug":"sauvegarde-microsoft-365","status":"publish","type":"page","link":"https:\/\/evok.kalyna.dev\/fr\/cloud-services\/sauvegarde-microsoft-365\/","title":{"rendered":"Sauvegarde en ligne pour Microsoft 365"},"content":{"rendered":"","protected":false},"excerpt":{"rendered":"","protected":false},"author":1,"featured_media":0,"parent":1165,"menu_order":0,"comment_status":"closed","ping_status":"closed","template":"","meta":{"inline_featured_image":false,"footnotes":""},"class_list":["post-1290","page","type-page","status-publish","hentry"],"yoast_head":"<!-- This site is optimized with the Yoast SEO Premium plugin v19.7 (Yoast SEO v27.5) - https:\/\/yoast.com\/product\/yoast-seo-premium-wordpress\/ -->\n<title>Sauvegarde en ligne pour Microsoft 365 - EVOK Informatique<\/title>\n<meta name=\"description\" content=\"En choisissant une solution de sauvegarde 365, prot\u00e9gez votre Microsoft 365 contre les dommages et r\u00e9cup\u00e9rez rapidement les donn\u00e9es supprim\u00e9es.\" \/>\n<meta name=\"robots\" content=\"index, follow, max-snippet:-1, max-image-preview:large, max-video-preview:-1\" \/>\n<link rel=\"canonical\" href=\"https:\/\/evok.kalyna.dev\/fr\/cloud-services\/sauvegarde-microsoft-365\/\" \/>\n<meta property=\"og:locale\" content=\"fr_FR\" \/>\n<meta property=\"og:type\" content=\"article\" \/>\n<meta property=\"og:title\" content=\"Sauvegarde en ligne pour Microsoft 365\" \/>\n<meta property=\"og:description\" content=\"En choisissant une solution de sauvegarde 365, prot\u00e9gez votre Microsoft 365 contre les dommages et r\u00e9cup\u00e9rez rapidement les donn\u00e9es supprim\u00e9es.\" \/>\n<meta property=\"og:url\" content=\"https:\/\/evok.kalyna.dev\/fr\/cloud-services\/sauvegarde-microsoft-365\/\" \/>\n<meta property=\"og:site_name\" content=\"EVOK Informatique\" \/>\n<meta property=\"article:modified_time\" content=\"2022-12-21T15:47:04+00:00\" \/>\n<meta name=\"twitter:card\" content=\"summary_large_image\" \/>\n<script type=\"application\/ld+json\" class=\"yoast-schema-graph\">{\"@context\":\"https:\\\/\\\/schema.org\",\"@graph\":[{\"@type\":\"WebPage\",\"@id\":\"https:\\\/\\\/evok.kalyna.dev\\\/fr\\\/cloud-services\\\/sauvegarde-microsoft-365\\\/\",\"url\":\"https:\\\/\\\/evok.kalyna.dev\\\/fr\\\/cloud-services\\\/sauvegarde-microsoft-365\\\/\",\"name\":\"Sauvegarde en ligne pour Microsoft 365 - EVOK Informatique\",\"isPartOf\":{\"@id\":\"\\\/#website\"},\"datePublished\":\"2021-05-24T07:41:31+00:00\",\"dateModified\":\"2022-12-21T15:47:04+00:00\",\"description\":\"En choisissant une solution de sauvegarde 365, prot\u00e9gez votre Microsoft 365 contre les dommages et r\u00e9cup\u00e9rez rapidement les donn\u00e9es supprim\u00e9es.\",\"breadcrumb\":{\"@id\":\"https:\\\/\\\/evok.kalyna.dev\\\/fr\\\/cloud-services\\\/sauvegarde-microsoft-365\\\/#breadcrumb\"},\"inLanguage\":\"fr-FR\",\"potentialAction\":[{\"@type\":\"ReadAction\",\"target\":[\"https:\\\/\\\/evok.kalyna.dev\\\/fr\\\/cloud-services\\\/sauvegarde-microsoft-365\\\/\"]}]},{\"@type\":\"BreadcrumbList\",\"@id\":\"https:\\\/\\\/evok.kalyna.dev\\\/fr\\\/cloud-services\\\/sauvegarde-microsoft-365\\\/#breadcrumb\",\"itemListElement\":[{\"@type\":\"ListItem\",\"position\":1,\"name\":\"Home\",\"item\":\"https:\\\/\\\/evok.kalyna.dev\\\/fr\\\/\"},{\"@type\":\"ListItem\",\"position\":2,\"name\":\"Cloud Services\",\"item\":\"https:\\\/\\\/evok.kalyna.dev\\\/fr\\\/cloud-services\\\/\"},{\"@type\":\"ListItem\",\"position\":3,\"name\":\"Sauvegarde en ligne pour Microsoft 365\"}]},{\"@type\":\"WebSite\",\"@id\":\"\\\/#website\",\"url\":\"\\\/\",\"name\":\"EVOK Informatique\",\"description\":\"\",\"potentialAction\":[{\"@type\":\"SearchAction\",\"target\":{\"@type\":\"EntryPoint\",\"urlTemplate\":\"\\\/?s={search_term_string}\"},\"query-input\":{\"@type\":\"PropertyValueSpecification\",\"valueRequired\":true,\"valueName\":\"search_term_string\"}}],\"inLanguage\":\"fr-FR\"}]}<\/script>\n<!-- \/ Yoast SEO Premium plugin. -->","yoast_head_json":{"title":"Sauvegarde en ligne pour Microsoft 365 - EVOK Informatique","description":"En choisissant une solution de sauvegarde 365, prot\u00e9gez votre Microsoft 365 contre les dommages et r\u00e9cup\u00e9rez rapidement les donn\u00e9es supprim\u00e9es.","robots":{"index":"index","follow":"follow","max-snippet":"max-snippet:-1","max-image-preview":"max-image-preview:large","max-video-preview":"max-video-preview:-1"},"canonical":"https:\/\/evok.kalyna.dev\/fr\/cloud-services\/sauvegarde-microsoft-365\/","og_locale":"fr_FR","og_type":"article","og_title":"Sauvegarde en ligne pour Microsoft 365","og_description":"En choisissant une solution de sauvegarde 365, prot\u00e9gez votre Microsoft 365 contre les dommages et r\u00e9cup\u00e9rez rapidement les donn\u00e9es supprim\u00e9es.","og_url":"https:\/\/evok.kalyna.dev\/fr\/cloud-services\/sauvegarde-microsoft-365\/","og_site_name":"EVOK Informatique","article_modified_time":"2022-12-21T15:47:04+00:00","twitter_card":"summary_large_image","schema":{"@context":"https:\/\/schema.org","@graph":[{"@type":"WebPage","@id":"https:\/\/evok.kalyna.dev\/fr\/cloud-services\/sauvegarde-microsoft-365\/","url":"https:\/\/evok.kalyna.dev\/fr\/cloud-services\/sauvegarde-microsoft-365\/","name":"Sauvegarde en ligne pour Microsoft 365 - EVOK Informatique","isPartOf":{"@id":"\/#website"},"datePublished":"2021-05-24T07:41:31+00:00","dateModified":"2022-12-21T15:47:04+00:00","description":"En choisissant une solution de sauvegarde 365, prot\u00e9gez votre Microsoft 365 contre les dommages et r\u00e9cup\u00e9rez rapidement les donn\u00e9es supprim\u00e9es.","breadcrumb":{"@id":"https:\/\/evok.kalyna.dev\/fr\/cloud-services\/sauvegarde-microsoft-365\/#breadcrumb"},"inLanguage":"fr-FR","potentialAction":[{"@type":"ReadAction","target":["https:\/\/evok.kalyna.dev\/fr\/cloud-services\/sauvegarde-microsoft-365\/"]}]},{"@type":"BreadcrumbList","@id":"https:\/\/evok.kalyna.dev\/fr\/cloud-services\/sauvegarde-microsoft-365\/#breadcrumb","itemListElement":[{"@type":"ListItem","position":1,"name":"Home","item":"https:\/\/evok.kalyna.dev\/fr\/"},{"@type":"ListItem","position":2,"name":"Cloud Services","item":"https:\/\/evok.kalyna.dev\/fr\/cloud-services\/"},{"@type":"ListItem","position":3,"name":"Sauvegarde en ligne pour Microsoft 365"}]},{"@type":"WebSite","@id":"\/#website","url":"\/","name":"EVOK Informatique","description":"","potentialAction":[{"@type":"SearchAction","target":{"@type":"EntryPoint","urlTemplate":"\/?s={search_term_string}"},"query-input":{"@type":"PropertyValueSpecification","valueRequired":true,"valueName":"search_term_string"}}],"inLanguage":"fr-FR"}]}},"_links":{"self":[{"href":"https:\/\/evok.kalyna.dev\/fr\/wp-json\/wp\/v2\/pages\/1290","targetHints":{"allow":["GET"]}}],"collection":[{"href":"https:\/\/evok.kalyna.dev\/fr\/wp-json\/wp\/v2\/pages"}],"about":[{"href":"https:\/\/evok.kalyna.dev\/fr\/wp-json\/wp\/v2\/types\/page"}],"author":[{"embeddable":true,"href":"https:\/\/evok.kalyna.dev\/fr\/wp-json\/wp\/v2\/users\/1"}],"replies":[{"embeddable":true,"href":"https:\/\/evok.kalyna.dev\/fr\/wp-json\/wp\/v2\/comments?post=1290"}],"version-history":[{"count":0,"href":"https:\/\/evok.kalyna.dev\/fr\/wp-json\/wp\/v2\/pages\/1290\/revisions"}],"up":[{"embeddable":true,"href":"https:\/\/evok.kalyna.dev\/fr\/wp-json\/wp\/v2\/pages\/1165"}],"wp:attachment":[{"href":"https:\/\/evok.kalyna.dev\/fr\/wp-json\/wp\/v2\/media?parent=1290"}],"curies":[{"name":"wp","href":"https:\/\/api.w.org\/{rel}","templated":true}]}}