{"id":1305,"date":"2021-04-26T10:18:43","date_gmt":"2021-04-26T09:18:43","guid":{"rendered":"https:\/\/evok.kalyna.dev\/m-files\/"},"modified":"2022-06-08T22:35:41","modified_gmt":"2022-06-08T20:35:41","slug":"m-files","status":"publish","type":"page","link":"https:\/\/evok.kalyna.dev\/fr\/expertise\/m-files\/","title":{"rendered":"M-Files"},"content":{"rendered":"","protected":false},"excerpt":{"rendered":"","protected":false},"author":1,"featured_media":0,"parent":1316,"menu_order":0,"comment_status":"closed","ping_status":"closed","template":"","meta":{"inline_featured_image":false,"footnotes":""},"class_list":["post-1305","page","type-page","status-publish","hentry"],"yoast_head":"<!-- This site is optimized with the Yoast SEO Premium plugin v19.7 (Yoast SEO v27.5) - https:\/\/yoast.com\/product\/yoast-seo-premium-wordpress\/ -->\n<title>GED M Files - Int\u00e9gration et Installation - Expert et sp\u00e9cialiste<\/title>\n<meta name=\"description\" content=\"La soci\u00e9t\u00e9 Evok vous propose son expertise dans le domaine de la GED M-files !\" \/>\n<meta name=\"robots\" content=\"index, follow, max-snippet:-1, max-image-preview:large, max-video-preview:-1\" \/>\n<link rel=\"canonical\" href=\"https:\/\/evok.kalyna.dev\/fr\/expertise\/m-files\/\" \/>\n<meta property=\"og:locale\" content=\"fr_FR\" \/>\n<meta property=\"og:type\" content=\"article\" \/>\n<meta property=\"og:title\" content=\"M-Files\" \/>\n<meta property=\"og:description\" content=\"La soci\u00e9t\u00e9 Evok vous propose son expertise dans le domaine de la GED M-files !\" \/>\n<meta property=\"og:url\" content=\"https:\/\/evok.kalyna.dev\/fr\/expertise\/m-files\/\" \/>\n<meta property=\"og:site_name\" content=\"EVOK Informatique\" \/>\n<meta property=\"article:modified_time\" content=\"2022-06-08T20:35:41+00:00\" \/>\n<meta name=\"twitter:card\" content=\"summary_large_image\" \/>\n<script type=\"application\/ld+json\" class=\"yoast-schema-graph\">{\"@context\":\"https:\\\/\\\/schema.org\",\"@graph\":[{\"@type\":\"WebPage\",\"@id\":\"https:\\\/\\\/evok.kalyna.dev\\\/fr\\\/expertise\\\/m-files\\\/\",\"url\":\"https:\\\/\\\/evok.kalyna.dev\\\/fr\\\/expertise\\\/m-files\\\/\",\"name\":\"GED M Files - Int\u00e9gration et Installation - Expert et sp\u00e9cialiste\",\"isPartOf\":{\"@id\":\"\\\/#website\"},\"datePublished\":\"2021-04-26T09:18:43+00:00\",\"dateModified\":\"2022-06-08T20:35:41+00:00\",\"description\":\"La soci\u00e9t\u00e9 Evok vous propose son expertise dans le domaine de la GED M-files !\",\"breadcrumb\":{\"@id\":\"https:\\\/\\\/evok.kalyna.dev\\\/fr\\\/expertise\\\/m-files\\\/#breadcrumb\"},\"inLanguage\":\"fr-FR\",\"potentialAction\":[{\"@type\":\"ReadAction\",\"target\":[\"https:\\\/\\\/evok.kalyna.dev\\\/fr\\\/expertise\\\/m-files\\\/\"]}]},{\"@type\":\"BreadcrumbList\",\"@id\":\"https:\\\/\\\/evok.kalyna.dev\\\/fr\\\/expertise\\\/m-files\\\/#breadcrumb\",\"itemListElement\":[{\"@type\":\"ListItem\",\"position\":1,\"name\":\"Home\",\"item\":\"https:\\\/\\\/evok.kalyna.dev\\\/fr\\\/\"},{\"@type\":\"ListItem\",\"position\":2,\"name\":\"Expertise\",\"item\":\"https:\\\/\\\/evok.kalyna.dev\\\/fr\\\/expertise\\\/\"},{\"@type\":\"ListItem\",\"position\":3,\"name\":\"M-Files\"}]},{\"@type\":\"WebSite\",\"@id\":\"\\\/#website\",\"url\":\"\\\/\",\"name\":\"EVOK Informatique\",\"description\":\"\",\"potentialAction\":[{\"@type\":\"SearchAction\",\"target\":{\"@type\":\"EntryPoint\",\"urlTemplate\":\"\\\/?s={search_term_string}\"},\"query-input\":{\"@type\":\"PropertyValueSpecification\",\"valueRequired\":true,\"valueName\":\"search_term_string\"}}],\"inLanguage\":\"fr-FR\"}]}<\/script>\n<!-- \/ Yoast SEO Premium plugin. -->","yoast_head_json":{"title":"GED M Files - Int\u00e9gration et Installation - Expert et sp\u00e9cialiste","description":"La soci\u00e9t\u00e9 Evok vous propose son expertise dans le domaine de la GED M-files !","robots":{"index":"index","follow":"follow","max-snippet":"max-snippet:-1","max-image-preview":"max-image-preview:large","max-video-preview":"max-video-preview:-1"},"canonical":"https:\/\/evok.kalyna.dev\/fr\/expertise\/m-files\/","og_locale":"fr_FR","og_type":"article","og_title":"M-Files","og_description":"La soci\u00e9t\u00e9 Evok vous propose son expertise dans le domaine de la GED M-files !","og_url":"https:\/\/evok.kalyna.dev\/fr\/expertise\/m-files\/","og_site_name":"EVOK Informatique","article_modified_time":"2022-06-08T20:35:41+00:00","twitter_card":"summary_large_image","schema":{"@context":"https:\/\/schema.org","@graph":[{"@type":"WebPage","@id":"https:\/\/evok.kalyna.dev\/fr\/expertise\/m-files\/","url":"https:\/\/evok.kalyna.dev\/fr\/expertise\/m-files\/","name":"GED M Files - Int\u00e9gration et Installation - Expert et sp\u00e9cialiste","isPartOf":{"@id":"\/#website"},"datePublished":"2021-04-26T09:18:43+00:00","dateModified":"2022-06-08T20:35:41+00:00","description":"La soci\u00e9t\u00e9 Evok vous propose son expertise dans le domaine de la GED M-files !","breadcrumb":{"@id":"https:\/\/evok.kalyna.dev\/fr\/expertise\/m-files\/#breadcrumb"},"inLanguage":"fr-FR","potentialAction":[{"@type":"ReadAction","target":["https:\/\/evok.kalyna.dev\/fr\/expertise\/m-files\/"]}]},{"@type":"BreadcrumbList","@id":"https:\/\/evok.kalyna.dev\/fr\/expertise\/m-files\/#breadcrumb","itemListElement":[{"@type":"ListItem","position":1,"name":"Home","item":"https:\/\/evok.kalyna.dev\/fr\/"},{"@type":"ListItem","position":2,"name":"Expertise","item":"https:\/\/evok.kalyna.dev\/fr\/expertise\/"},{"@type":"ListItem","position":3,"name":"M-Files"}]},{"@type":"WebSite","@id":"\/#website","url":"\/","name":"EVOK Informatique","description":"","potentialAction":[{"@type":"SearchAction","target":{"@type":"EntryPoint","urlTemplate":"\/?s={search_term_string}"},"query-input":{"@type":"PropertyValueSpecification","valueRequired":true,"valueName":"search_term_string"}}],"inLanguage":"fr-FR"}]}},"_links":{"self":[{"href":"https:\/\/evok.kalyna.dev\/fr\/wp-json\/wp\/v2\/pages\/1305","targetHints":{"allow":["GET"]}}],"collection":[{"href":"https:\/\/evok.kalyna.dev\/fr\/wp-json\/wp\/v2\/pages"}],"about":[{"href":"https:\/\/evok.kalyna.dev\/fr\/wp-json\/wp\/v2\/types\/page"}],"author":[{"embeddable":true,"href":"https:\/\/evok.kalyna.dev\/fr\/wp-json\/wp\/v2\/users\/1"}],"replies":[{"embeddable":true,"href":"https:\/\/evok.kalyna.dev\/fr\/wp-json\/wp\/v2\/comments?post=1305"}],"version-history":[{"count":0,"href":"https:\/\/evok.kalyna.dev\/fr\/wp-json\/wp\/v2\/pages\/1305\/revisions"}],"up":[{"embeddable":true,"href":"https:\/\/evok.kalyna.dev\/fr\/wp-json\/wp\/v2\/pages\/1316"}],"wp:attachment":[{"href":"https:\/\/evok.kalyna.dev\/fr\/wp-json\/wp\/v2\/media?parent=1305"}],"curies":[{"name":"wp","href":"https:\/\/api.w.org\/{rel}","templated":true}]}}